{"id":374,"date":"2024-06-05T08:15:53","date_gmt":"2024-06-05T08:15:53","guid":{"rendered":"https:\/\/banasa.com\/politica-de-privacidad\/"},"modified":"2024-08-28T11:28:54","modified_gmt":"2024-08-28T11:28:54","slug":"politica-de-privacidad","status":"publish","type":"page","link":"https:\/\/banasa.com\/en\/politica-de-privacidad\/","title":{"rendered":"Pol\u00edtica de privacidad"},"content":{"rendered":"\n<h2 class=\"wp-block-heading\">Informaci\u00f3n adicional y detallada sobre protecci\u00f3n de datos personales<\/h2>\n\n\n\n<p>La presente pol\u00edtica de privacidad (en adelante, la \u201cPol\u00edtica de Privacidad\u201d) tiene como objetivo facilitar informaci\u00f3n adicional y detallada a los interesados sobre la Pol\u00edtica de Privacidad de la empresa Barroso Nava y C\u00eda. S.A. (en adelante BANASA), dando cumplimiento a la normativa en esta materia, en especial al Reglamento (UE) 2016\/679, de 27 de abril de 2016, relativo a la protecci\u00f3n de las personas f\u00edsicas en lo que respecta al tratamiento de datos personales y a la libre circulaci\u00f3n de estos datos y por el que se deroga la Directiva 95\/46\/CE, y a la Ley Org\u00e1nica 3\/2018, de 5 de diciembre, de Protecci\u00f3n de Datos y Garant\u00eda de los Derechos Digitales.<\/p>\n\n\n\n<p>Se pretende con ello ayudar al Usuario a tomar decisiones informadas cuando utiliza el Sitio Web y a comprender de qu\u00e9 modo trataremos la informaci\u00f3n personal facilitada por el mismo a trav\u00e9s de los distintos formularios de recogida de datos que figuran en el Sitio Web. Le invitamos a que la lea con atenci\u00f3n para mantener en todo momento el control sobre sus datos personales.<\/p>\n\n\n\n<p>El Usuario garantiza que los datos remitidos o aportados son verdaderos, exactos, completos y actualizados, siendo responsable de cualquier da\u00f1o o perjuicio, directo o indirecto, que pudiera ocasionarse como consecuencia del incumplimiento de tal obligaci\u00f3n. En el caso de que los datos aportados pertenecieran a un tercero, el Usuario garantiza que ha informado a dicho tercero de los aspectos contenidos en esta Pol\u00edtica de Privacidad y ha obtenido su autorizaci\u00f3n de manera previa para facilitar sus datos a BANASA para los fines se\u00f1alados.<\/p>\n\n\n\n<h2 class=\"wp-block-heading\">\u00bfQui\u00e9n es el responsable del tratamiento de los datos personales del Usuario?<\/h2>\n\n\n\n<p>El responsable del tratamiento de los datos personales recogidos en <a href=\"http:\/\/www.banasa.com\">www.banasa.com<\/a> es: BANASA, Barroso Nava y C\u00eda, S.A. con NIF A28297760, inscrita en el Registro Mercantil de Madrid con los siguientes datos: Tomo 3.144 general, 2.441, Secci\u00f3n 3\u00aa, Folio 193, Hoja 22.642, Inscripci\u00f3n 1\u00aa<\/p>\n\n\n\n<p>Los datos de contacto son los siguientes:<\/p>\n\n\n\n<ul class=\"wp-block-list\">\n<li>Email: banasa@banasa.com<\/li>\n\n\n\n<li>Direcci\u00f3n postal: Paseo de la Castellana 144, 1\u00ba, 28046 Madrid<\/li>\n\n\n\n<li>Tel\u00e9fono: 914577251<\/li>\n<\/ul>\n\n\n\n<h2 class=\"wp-block-heading\">\u00bfCon qu\u00e9 finalidad tratamos los datos personales del Usuario?<\/h2>\n\n\n\n<p>BANASA recabar\u00e1 el nombre y direcci\u00f3n de correo electr\u00f3nico (e-mail) del Usuario a trav\u00e9s del formulario de&nbsp;<strong><em>\u201cContacto\u201d<\/em><\/strong>&nbsp;dentro del apartado de Contacto con la finalidad de contactar y remitirle la informaci\u00f3n solicitada.<\/p>\n\n\n\n<p>BANASA recabar\u00e1 el nombre, apellidos, DNI y direcci\u00f3n de correo electr\u00f3nico del Usuario, as\u00ed como otros datos que figuren en su curriculum vitae, a trav\u00e9s del formulario de&nbsp;<strong><em>\u201cTrabaja con nosotros\u201d<\/em><\/strong>&nbsp;en el apartado de&nbsp;<strong>\u201cContacto\u201d<\/strong>&nbsp;con la finalidad de proceder al registro en dicho portal, con la finalidad de proceder a la gesti\u00f3n de candidaturas a puestos de trabajo ofertados.<\/p>\n\n\n\n<h2 class=\"wp-block-heading\">\u00bfCu\u00e1l es la legitimaci\u00f3n para el tratamiento de los datos personales del Usuario?<\/h2>\n\n\n\n<p>La base legal que legitima y nos permite tratar los datos personales del Usuario es el consentimiento otorgado por el Usuario al aceptar expl\u00edcitamente la presente Pol\u00edtica de Privacidad, marcando el \u201ccheck box\u201d, puesto a su disposici\u00f3n en cada uno de los formularios de recogida de datos, referidos anteriormente.<\/p>\n\n\n\n<h2 class=\"wp-block-heading\">\u00bfPor cu\u00e1nto tiempo conservaremos los datos personales del Usuario?<\/h2>\n\n\n\n<p>BANASA conservar\u00e1 los datos proporcionados por el Usuario a trav\u00e9s del formulario de&nbsp;<strong><em>\u201cContacto\u201d<\/em><\/strong>&nbsp;durante el tiempo necesario para proceder a la resoluci\u00f3n de la consulta y atender la solicitud realizada por el Usuario.<\/p>\n\n\n\n<p>BANASA conservar\u00e1 los datos facilitados por el Usuario a trav\u00e9s el formulario&nbsp;<strong><em>\u201cTrabaja con nosotros\u201d <\/em><\/strong>en el apartado de&nbsp;<strong><em>\u201cContacto\u201d<\/em><\/strong>&nbsp;mientras dure el proceso de selecci\u00f3n y como m\u00e1ximo durante un a\u00f1o en caso de que su perfil sea necesario para cubrir otros puestos de BANASA.<\/p>\n\n\n\n<h2 class=\"wp-block-heading\">\u00bfA qu\u00e9 destinatarios se comunicar\u00e1n los datos personales del Usuario?<\/h2>\n\n\n\n<p>Los datos no ser\u00e1n comunicados a terceros salvo, en su caso, a autoridades competentes en el ejercicio de sus funciones. As\u00ed los datos personales facilitados por el Usuario en el Sitio Web podr\u00e1n ser comunicados organismos p\u00fablicos, tribunales y otras autoridades administrativas, cuando consideremos que es necesario para cumplir con una obligaci\u00f3n legal o para el ejercicio de acciones legales contra reclamaciones.<\/p>\n\n\n\n<h2 class=\"wp-block-heading\">\u00bfCu\u00e1les son los derechos del Usuario cuando nos facilita sus datos personales?<\/h2>\n\n\n\n<p>El Usuario dispone y puede ejercitar los siguientes derechos en relaci\u00f3n con la informaci\u00f3n personal suministrada a BANASA:<\/p>\n\n\n\n<ul class=\"wp-block-list\">\n<li>Derecho de acceso: el Usuario tiene derecho a obtener confirmaci\u00f3n sobre si BANASA est\u00e1 tratando datos personales que le conciernen y acceder a tales datos personales.<\/li>\n\n\n\n<li>Derecho de rectificaci\u00f3n: el Usuario puede solicitar la rectificaci\u00f3n de los datos inexactos o a que sean completados los incompletos.<\/li>\n\n\n\n<li>Derecho de supresi\u00f3n: el Usuario tiene derecho a solicitarnos que suprimamos o eliminemos sus datos personales en algunas circunstancias cuando, entre otros motivos, los datos ya no sean necesarios para los fines que fueron recogidos o si retira su consentimiento (en relaci\u00f3n con los tratamientos basados en el mismo).<\/li>\n\n\n\n<li>Derecho a la limitaci\u00f3n del tratamiento: el Usuario puede solicitarnos, en determinadas circunstancias, que limitemos transitoriamente el tratamiento los datos personales facilitados, por ejemplo, cuando impugne la exactitud de dichos datos personales o se oponga al tratamiento en cuyo caso \u00fanicamente los conservaremos para el ejercicio o la defensa de reclamaciones.<\/li>\n\n\n\n<li>Derecho a la portabilidad de los datos: el Usuario tiene derecho, en el caso de tratamientos efectuados por medios automatizados, a obtener datos personales que nos haya proporcionado (en un formato estructurado, de uso com\u00fan y lectura mec\u00e1nica) as\u00ed como a solicitar que se transmitan a otra entidad responsable del tratamiento, cuando ello sea t\u00e9cnicamente posible.<\/li>\n\n\n\n<li>Revocar su consentimiento: el usuario tendr\u00e1 derecho a revocar su consentimiento en cualquier momento.<\/li>\n\n\n\n<li>Derecho a presentar una reclamaci\u00f3n ante la autoridad de control: el Usuario ante dudas sobre nuestras pr\u00e1cticas en materia de privacidad, incluido el modo en el que hemos tratado sus datos personales, puede ejercitar una reclamaci\u00f3n ante la Agencia Espa\u00f1ola de Protecci\u00f3n de Datos (<a href=\"http:\/\/www.agpd.es\/\">agpd.es<\/a>), especialmente cuando no haya obtenido satisfacci\u00f3n en el ejercicio de sus derechos.<br><\/li>\n<\/ul>\n\n\n\n<p>El Usuario tiene la posibilidad de ejercitar sus derechos legales ante el Responsable del Tratamiento, en cualquier momento, solicit\u00e1ndolo mediante un escrito dirigido a BANASA a la siguiente direcci\u00f3n de correo electr\u00f3nico\u00a0<a href=\"mailto:banasa@banasa.com\">banasa@banasa.com<\/a>\u00a0(Referencia:\u00a0\u201cEjercicio derechos RGPD\u201d) que deber\u00e1 contener: su nombre y apellidos, fotocopia de su D.N.I.\/N.I.F. (pasaporte u otro documento v\u00e1lido que lo identifique), petici\u00f3n en que se concreta su solicitud, direcci\u00f3n a efectos de notificaciones, fecha, firma y, en su caso, documentos acreditativos de la petici\u00f3n que formula.<\/p>\n","protected":false},"excerpt":{"rendered":"<p>Informaci\u00f3n adicional y detallada sobre protecci\u00f3n de datos personales La presente pol\u00edtica de privacidad (en adelante, la \u201cPol\u00edtica de Privacidad\u201d) tiene como objetivo facilitar informaci\u00f3n adicional y detallada a los interesados sobre la Pol\u00edtica de Privacidad de la empresa Barroso Nava y C\u00eda. S.A. (en adelante BANASA), dando cumplimiento a la normativa en esta materia, [&hellip;]<\/p>\n","protected":false},"author":1,"featured_media":0,"parent":0,"menu_order":0,"comment_status":"closed","ping_status":"closed","template":"","meta":{"_acf_changed":false,"inline_featured_image":false,"footnotes":""},"class_list":["post-374","page","type-page","status-publish","hentry"],"acf":[],"_links":{"self":[{"href":"https:\/\/banasa.com\/en\/wp-json\/wp\/v2\/pages\/374","targetHints":{"allow":["GET"]}}],"collection":[{"href":"https:\/\/banasa.com\/en\/wp-json\/wp\/v2\/pages"}],"about":[{"href":"https:\/\/banasa.com\/en\/wp-json\/wp\/v2\/types\/page"}],"author":[{"embeddable":true,"href":"https:\/\/banasa.com\/en\/wp-json\/wp\/v2\/users\/1"}],"replies":[{"embeddable":true,"href":"https:\/\/banasa.com\/en\/wp-json\/wp\/v2\/comments?post=374"}],"version-history":[{"count":1,"href":"https:\/\/banasa.com\/en\/wp-json\/wp\/v2\/pages\/374\/revisions"}],"predecessor-version":[{"id":1177,"href":"https:\/\/banasa.com\/en\/wp-json\/wp\/v2\/pages\/374\/revisions\/1177"}],"wp:attachment":[{"href":"https:\/\/banasa.com\/en\/wp-json\/wp\/v2\/media?parent=374"}],"curies":[{"name":"wp","href":"https:\/\/api.w.org\/{rel}","templated":true}]}}